{"id":370,"date":"2024-02-12T22:03:18","date_gmt":"2024-02-12T21:03:18","guid":{"rendered":"https:\/\/tycherestobar.com\/?page_id=370"},"modified":"2024-02-12T22:04:07","modified_gmt":"2024-02-12T21:04:07","slug":"politica-de-cookies","status":"publish","type":"page","link":"https:\/\/tycherestobar.com\/index.php\/politica-de-cookies\/","title":{"rendered":"Pol\u00edtica de Cookies"},"content":{"rendered":"<p>[et_pb_section fb_built=\u00bb1&#8243; admin_label=\u00bbHeader\u00bb _builder_version=\u00bb4.19.2&#8243; _module_preset=\u00bbdefault\u00bb background_enable_pattern_style=\u00bbon\u00bb background_pattern_style=\u00bbscallops\u00bb background_pattern_color=\u00bbgcid-fa957022-7f68-4c63-9382-2437a00591d9&#8243; background_pattern_vertical_offset=\u00bb-64px\u00bb background_pattern_repeat=\u00bbrepeat-x\u00bb custom_padding=\u00bb120px||40px||false|false\u00bb collapsed=\u00bbon\u00bb global_colors_info=\u00bb{%22gcid-fa957022-7f68-4c63-9382-2437a00591d9%22:%91%22background_pattern_color%22%93}\u00bb theme_builder_area=\u00bbpost_content\u00bb][et_pb_row column_structure=\u00bb1_5,3_5,1_5&#8243; _builder_version=\u00bb4.19.2&#8243; _module_preset=\u00bbdefault\u00bb global_colors_info=\u00bb{}\u00bb theme_builder_area=\u00bbpost_content\u00bb][et_pb_column type=\u00bb1_5&#8243; _builder_version=\u00bb4.19.2&#8243; _module_preset=\u00bbdefault\u00bb global_colors_info=\u00bb{}\u00bb theme_builder_area=\u00bbpost_content\u00bb][\/et_pb_column][et_pb_column type=\u00bb3_5&#8243; _builder_version=\u00bb4.19.2&#8243; _module_preset=\u00bbdefault\u00bb global_colors_info=\u00bb{}\u00bb theme_builder_area=\u00bbpost_content\u00bb][et_pb_text _builder_version=\u00bb4.24.0&#8243; _module_preset=\u00bb3b919aff-7504-453a-abce-8291fd07b910&#8243; header_font=\u00bb||||||||\u00bb custom_margin=\u00bb||10px||false|false\u00bb hover_enabled=\u00bb0&#8243; global_colors_info=\u00bb{}\u00bb theme_builder_area=\u00bbpost_content\u00bb sticky_enabled=\u00bb0&#8243;]<\/p>\n<h1>Pol\u00edtica de Cookies<\/h1>\n<p>[\/et_pb_text][et_pb_text _builder_version=\u00bb4.24.0&#8243; _module_preset=\u00bb78b55b0c-ce95-4115-b4b9-367f6c0eed0c\u00bb hover_enabled=\u00bb0&#8243; global_colors_info=\u00bb{}\u00bb theme_builder_area=\u00bbpost_content\u00bb sticky_enabled=\u00bb0&#8243;]<\/p>\n<p>&nbsp;<\/p>\n<p>Con la entrada en vigor de la modificaci\u00f3n de la \u00abLey de Servicios de la Sociedad de la Informaci\u00f3n\u00bb (LSSICE) establecida por el Real Decreto 13\/2012, se requiere obtener el consentimiento expreso de los usuarios de todas las p\u00e1ginas web que usan cookies no esenciales antes de que estos naveguen por ellas.<\/p>\n<p><strong>\u00bfQu\u00e9 son las Cookies?<\/strong><\/p>\n<p>Las cookies, junto con tecnolog\u00edas similares como objetos compartidos locales, cookies de Flash o p\u00edxeles, son herramientas empleadas por los servidores web para almacenar y recuperar informaci\u00f3n acerca de sus visitantes, as\u00ed como para asegurar un funcionamiento correcto del sitio. Permiten al servidor web recordar datos del usuario, como sus preferencias de visualizaci\u00f3n, nombre y contrase\u00f1a, productos de inter\u00e9s, etc.<\/p>\n<p><strong>Cookies Afectadas por la Normativa y Cookies Exceptuadas<\/strong><\/p>\n<p>De acuerdo con la directiva de la UE, las cookies que requieren el consentimiento informado del usuario son aquellas de anal\u00edtica, publicidad y afiliaci\u00f3n. Se except\u00faan las cookies de car\u00e1cter t\u00e9cnico y las necesarias para el funcionamiento del sitio web o la prestaci\u00f3n de servicios expresamente solicitados por el usuario.<\/p>\n<p><strong>Tipos de Cookies<\/strong><\/p>\n<p>Existen cinco grandes grupos de cookies:<\/p>\n<ul>\n<li><strong>Cookies anal\u00edticas:<\/strong> Recogen informaci\u00f3n del uso que se realiza del sitio web.<\/li>\n<li><strong>Cookies sociales:<\/strong> Necesarias para redes sociales externas.<\/li>\n<li><strong>Cookies de afiliados:<\/strong> Permiten seguir las visitas desde otras webs con las que el sitio web tiene un contrato de afiliaci\u00f3n.<\/li>\n<li><strong>Cookies de publicidad y comportamentales:<\/strong> Recopilan informaci\u00f3n sobre preferencias y elecciones personales del usuario (retargeting).<\/li>\n<li><strong>Cookies t\u00e9cnicas y funcionales:<\/strong> Estrictamente necesarias para el uso del sitio web y para la prestaci\u00f3n del servicio contratado.<\/li>\n<\/ul>\n<p><strong>Uso de Cookies en este Sitio Web<\/strong><\/p>\n<p>Se ofrece un resumen detallado de las cookies utilizadas en nuestro sitio web, accesible a trav\u00e9s de la gesti\u00f3n de cookies en el bot\u00f3n inferior izquierdo, donde podr\u00e1 activar y desactivar los distintos tipos de cookies seg\u00fan la normativa vigente de la Uni\u00f3n Europea.<\/p>\n<p><strong>\u00bfC\u00f3mo Eliminar las Cookies del Navegador?<\/strong><\/p>\n<p>Para eliminar las cookies consulte la documentaci\u00f3n espec\u00edfica del navegador instalado.<\/p>\n<p><strong>Actualizaci\u00f3n de la Pol\u00edtica de Cookies<\/strong><\/p>\n<p>La pol\u00edtica de cookies de este sitio web puede actualizarse, por lo que se recomienda revisar esta pol\u00edtica cada vez que acceda al sitio web para estar adecuadamente informado sobre c\u00f3mo y para qu\u00e9 usamos las cookies.<\/p>\n<p>[\/et_pb_text][\/et_pb_column][et_pb_column type=\u00bb1_5&#8243; _builder_version=\u00bb4.19.2&#8243; _module_preset=\u00bbdefault\u00bb global_colors_info=\u00bb{}\u00bb theme_builder_area=\u00bbpost_content\u00bb][\/et_pb_column][\/et_pb_row][\/et_pb_section]<\/p>\n","protected":false},"excerpt":{"rendered":"<p>Pol\u00edtica de Cookies&nbsp; Con la entrada en vigor de la modificaci\u00f3n de la \u00abLey de Servicios de la Sociedad de la Informaci\u00f3n\u00bb (LSSICE) establecida por el Real Decreto 13\/2012, se requiere obtener el consentimiento expreso de los usuarios de todas las p\u00e1ginas web que usan cookies no esenciales antes de que estos naveguen por ellas. [&hellip;]<\/p>\n","protected":false},"author":2,"featured_media":0,"parent":0,"menu_order":0,"comment_status":"closed","ping_status":"closed","template":"","meta":{"_et_pb_use_builder":"on","_et_pb_old_content":"","_et_gb_content_width":"","footnotes":""},"class_list":["post-370","page","type-page","status-publish","hentry"],"_links":{"self":[{"href":"https:\/\/tycherestobar.com\/index.php\/wp-json\/wp\/v2\/pages\/370","targetHints":{"allow":["GET"]}}],"collection":[{"href":"https:\/\/tycherestobar.com\/index.php\/wp-json\/wp\/v2\/pages"}],"about":[{"href":"https:\/\/tycherestobar.com\/index.php\/wp-json\/wp\/v2\/types\/page"}],"author":[{"embeddable":true,"href":"https:\/\/tycherestobar.com\/index.php\/wp-json\/wp\/v2\/users\/2"}],"replies":[{"embeddable":true,"href":"https:\/\/tycherestobar.com\/index.php\/wp-json\/wp\/v2\/comments?post=370"}],"version-history":[{"count":2,"href":"https:\/\/tycherestobar.com\/index.php\/wp-json\/wp\/v2\/pages\/370\/revisions"}],"predecessor-version":[{"id":373,"href":"https:\/\/tycherestobar.com\/index.php\/wp-json\/wp\/v2\/pages\/370\/revisions\/373"}],"wp:attachment":[{"href":"https:\/\/tycherestobar.com\/index.php\/wp-json\/wp\/v2\/media?parent=370"}],"curies":[{"name":"wp","href":"https:\/\/api.w.org\/{rel}","templated":true}]}}