{"id":360,"date":"2024-02-12T21:38:35","date_gmt":"2024-02-12T20:38:35","guid":{"rendered":"https:\/\/tycherestobar.com\/?page_id=360"},"modified":"2024-03-03T15:33:04","modified_gmt":"2024-03-03T14:33:04","slug":"aviso-legal","status":"publish","type":"page","link":"https:\/\/tycherestobar.com\/index.php\/aviso-legal\/","title":{"rendered":"Aviso Legal"},"content":{"rendered":"<p>[et_pb_section fb_built=\u00bb1&#8243; admin_label=\u00bbHeader\u00bb _builder_version=\u00bb4.19.2&#8243; _module_preset=\u00bbdefault\u00bb background_enable_pattern_style=\u00bbon\u00bb background_pattern_style=\u00bbscallops\u00bb background_pattern_color=\u00bbgcid-fa957022-7f68-4c63-9382-2437a00591d9&#8243; background_pattern_vertical_offset=\u00bb-64px\u00bb background_pattern_repeat=\u00bbrepeat-x\u00bb custom_padding=\u00bb120px||40px||false|false\u00bb collapsed=\u00bbon\u00bb global_colors_info=\u00bb{%22gcid-fa957022-7f68-4c63-9382-2437a00591d9%22:%91%22background_pattern_color%22%93}\u00bb][et_pb_row column_structure=\u00bb1_5,3_5,1_5&#8243; _builder_version=\u00bb4.19.2&#8243; _module_preset=\u00bbdefault\u00bb global_colors_info=\u00bb{}\u00bb][et_pb_column type=\u00bb1_5&#8243; _builder_version=\u00bb4.19.2&#8243; _module_preset=\u00bbdefault\u00bb global_colors_info=\u00bb{}\u00bb][\/et_pb_column][et_pb_column type=\u00bb3_5&#8243; _builder_version=\u00bb4.19.2&#8243; _module_preset=\u00bbdefault\u00bb global_colors_info=\u00bb{}\u00bb][et_pb_text _builder_version=\u00bb4.24.0&#8243; _module_preset=\u00bb3b919aff-7504-453a-abce-8291fd07b910&#8243; header_font=\u00bb||||||||\u00bb custom_margin=\u00bb||10px||false|false\u00bb global_colors_info=\u00bb{}\u00bb]<\/p>\n<h1>Aviso Legal<\/h1>\n<p>[\/et_pb_text][et_pb_text _builder_version=\u00bb4.24.2&#8243; _module_preset=\u00bb78b55b0c-ce95-4115-b4b9-367f6c0eed0c\u00bb hover_enabled=\u00bb0&#8243; global_colors_info=\u00bb{}\u00bb sticky_enabled=\u00bb0&#8243;]<\/p>\n<p>&nbsp;<\/p>\n<p>Este documento establece y regula las normas de uso y las condiciones de utilizaci\u00f3n de este portal web, comprendiendo todas las p\u00e1ginas y sus contenidos propiedad de Tyche, accesibles a trav\u00e9s del dominio <a target=\"_new\" href=\"https:\/\/tycherestobar.com\/\" rel=\"noopener\">tycherestobar.com<\/a>.<\/p>\n<p>El acceso y uso del portal web confiere la condici\u00f3n de usuario del mismo, implicando la aceptaci\u00f3n de todas las condiciones incluidas en este Aviso Legal. El usuario se compromete a leer atentamente este Aviso Legal cada vez que se proponga utilizar nuestro portal, ya que este documento y sus condiciones de uso pueden ser modificados.<\/p>\n<p><strong>Datos Identificativos<\/strong><\/p>\n<p>De acuerdo con el deber de informaci\u00f3n recogido en el art\u00edculo 10 de la Ley 34\/2002, de 11 de julio, de Servicios de la Sociedad de la Informaci\u00f3n y del Comercio Electr\u00f3nico, se reflejan los siguientes datos:<\/p>\n<ul>\n<li>Raz\u00f3n social: Tyche, representada por Zaira Z\u00faniga Butr\u00f3n<\/li>\n<li>NIF: 74695656M<\/li>\n<li>Domicilio: Avenida Hispanidad 20, 18320 Santa Fe, Granada<\/li>\n<li>Tel\u00e9fono: 958 04 26 92 &#8211; 661 14 57 94\u00a0\u00a0<\/li>\n<li>Correo electr\u00f3nico: <a target=\"_new\" rel=\"noopener\">hablamos@tycherestobar.com<\/a><\/li>\n<li>Nombre del dominio: tycherestobar.com<\/li>\n<\/ul>\n<p><strong>Usuarios<\/strong><\/p>\n<p>El acceso y\/o uso de este portal web atribuye la condici\u00f3n de USUARIO, que acepta, desde dicho acceso y\/o uso, las Condiciones Generales de Uso reflejadas aqu\u00ed. Las citadas Condiciones ser\u00e1n aplicables independientemente de las Condiciones Generales de Contrataci\u00f3n que en su caso resulten de obligado cumplimiento.<\/p>\n<p><strong>Uso del Portal<\/strong><\/p>\n<p>El portal ofrece acceso a informaci\u00f3n relacionada con nuestros productos, datos sobre nuestra empresa, apartados de contacto, solicitudes de informaci\u00f3n y precios, presupuestos, y enlaces a redes sociales, entre otros contenidos propiedad de Tyche.<\/p>\n<p><strong>Propiedad Intelectual e Industrial<\/strong><\/p>\n<p>Tyche posee todos los derechos de propiedad intelectual e industrial de su p\u00e1gina web y de los elementos contenidos en ella. Queda expresamente prohibida la reproducci\u00f3n, distribuci\u00f3n y comunicaci\u00f3n p\u00fablica, incluida su modalidad de puesta a disposici\u00f3n, de la totalidad o parte de los contenidos de esta p\u00e1gina web con fines comerciales, sin la autorizaci\u00f3n de Tyche. El usuario se compromete a respetar los derechos de Propiedad Intelectual e Industrial titularidad de Tyche.<\/p>\n<p><strong>Exclusi\u00f3n de Garant\u00edas y Responsabilidad<\/strong><\/p>\n<p>Tyche no se hace responsable de los da\u00f1os que pudieran derivarse del uso de la web, incluyendo la transmisi\u00f3n de virus o programas da\u00f1inos, a pesar de haber adoptado todas las medidas tecnol\u00f3gicas necesarias para evitarlo. Los contenidos y consejos no vinculan a Tyche ni implican responsabilidades sobre su efectividad o exactitud.<\/p>\n<p><strong>Modificaciones<\/strong><\/p>\n<p>Tyche se reserva el derecho de efectuar sin previo aviso las modificaciones que considere oportunas en su portal, pudiendo cambiar, suprimir o a\u00f1adir tanto los contenidos y servicios ofrecidos como la forma en que estos aparezcan presentados o localizados en su portal.<\/p>\n<p><strong>Legislaci\u00f3n Aplicable y Jurisdicci\u00f3n<\/strong><\/p>\n<p>La relaci\u00f3n entre Tyche y el usuario se regir\u00e1 por la normativa espa\u00f1ola vigente y cualquier controversia se someter\u00e1 a los Juzgados y tribunales de la ciudad de Granada.<\/p>\n<p>[\/et_pb_text][\/et_pb_column][et_pb_column type=\u00bb1_5&#8243; _builder_version=\u00bb4.19.2&#8243; _module_preset=\u00bbdefault\u00bb global_colors_info=\u00bb{}\u00bb][\/et_pb_column][\/et_pb_row][\/et_pb_section]<\/p>\n","protected":false},"excerpt":{"rendered":"<p>Aviso Legal&nbsp; Este documento establece y regula las normas de uso y las condiciones de utilizaci\u00f3n de este portal web, comprendiendo todas las p\u00e1ginas y sus contenidos propiedad de Tyche, accesibles a trav\u00e9s del dominio tycherestobar.com. El acceso y uso del portal web confiere la condici\u00f3n de usuario del mismo, implicando la aceptaci\u00f3n de todas [&hellip;]<\/p>\n","protected":false},"author":2,"featured_media":0,"parent":0,"menu_order":0,"comment_status":"closed","ping_status":"closed","template":"","meta":{"_et_pb_use_builder":"on","_et_pb_old_content":"","_et_gb_content_width":"","footnotes":""},"class_list":["post-360","page","type-page","status-publish","hentry"],"_links":{"self":[{"href":"https:\/\/tycherestobar.com\/index.php\/wp-json\/wp\/v2\/pages\/360","targetHints":{"allow":["GET"]}}],"collection":[{"href":"https:\/\/tycherestobar.com\/index.php\/wp-json\/wp\/v2\/pages"}],"about":[{"href":"https:\/\/tycherestobar.com\/index.php\/wp-json\/wp\/v2\/types\/page"}],"author":[{"embeddable":true,"href":"https:\/\/tycherestobar.com\/index.php\/wp-json\/wp\/v2\/users\/2"}],"replies":[{"embeddable":true,"href":"https:\/\/tycherestobar.com\/index.php\/wp-json\/wp\/v2\/comments?post=360"}],"version-history":[{"count":5,"href":"https:\/\/tycherestobar.com\/index.php\/wp-json\/wp\/v2\/pages\/360\/revisions"}],"predecessor-version":[{"id":468,"href":"https:\/\/tycherestobar.com\/index.php\/wp-json\/wp\/v2\/pages\/360\/revisions\/468"}],"wp:attachment":[{"href":"https:\/\/tycherestobar.com\/index.php\/wp-json\/wp\/v2\/media?parent=360"}],"curies":[{"name":"wp","href":"https:\/\/api.w.org\/{rel}","templated":true}]}}